{"id":54757,"date":"2024-04-04T14:20:03","date_gmt":"2024-04-04T12:20:03","guid":{"rendered":"https:\/\/victoriamertens.com\/buche-deine-kostenlose-info-session-fuer-ein-selbstbestimmtes-und-erfuelltes-leben-im-ausland\/"},"modified":"2024-11-01T13:15:30","modified_gmt":"2024-11-01T12:15:30","slug":"kostenlose-info-session","status":"publish","type":"page","link":"https:\/\/victoriamertens.com\/de\/kostenlose-info-session\/","title":{"rendered":"Buche deine kostenlose Info-Session f\u00fcr ein selbstbestimmtes und erf\u00fclltes Leben im Ausland"},"content":{"rendered":"<div class=\"wpb-content-wrapper\"><p>[vc_row full_height=&#8220;yes&#8220; bg_type=&#8220;image&#8220; parallax_style=&#8220;vcpb-default&#8220; bg_image_new=&#8220;id^53540|url^https:\/\/victoriamertens.com\/wp-content\/uploads\/2024\/03\/1-expatcoaching-women-1920.jpg|caption^null|alt^null|title^1-expatcoaching-women-1920|description^null&#8220; bg_img_attach=&#8220;fixed&#8220; bg_override=&#8220;full&#8220; enable_overlay=&#8220;enable_overlay_value&#8220; overlay_color=&#8220;#000000&#8243;][vc_column width=&#8220;5\/6&#8243; offset=&#8220;vc_col-sm-offset-1&#8243;]<div class=\"ult-spacer spacer-69f706dcaba7a\" data-id=\"69f706dcaba7a\" data-height=\"60\" data-height-mobile=\"40\" data-height-tab=\"50\" data-height-tab-portrait=\"40\" data-height-mobile-landscape=\"40\" style=\"clear:both;display:block;\"><\/div><div id=\"ultimate-heading-856369f706dcabafb\" class=\"uvc-heading ult-adjust-bottom-margin ultimate-heading-856369f706dcabafb uvc-7984 \" data-hspacer=\"no_spacer\"  data-halign=\"center\" style=\"text-align:center\"><div class=\"uvc-heading-spacer no_spacer\" style=\"top\"><\/div><div class=\"uvc-main-heading ult-responsive\"  data-ultimate-target='.uvc-heading.ultimate-heading-856369f706dcabafb h1'  data-responsive-json-new='{\"font-size\":\"desktop:30px;\",\"line-height\":\"desktop:40px;\"}' ><h1 style=\"--font-weight:theme;\">Expatcoaching f\u00fcr Frauen<\/h1><\/div><\/div><div class=\"ult-spacer spacer-69f706dcabb7e\" data-id=\"69f706dcabb7e\" data-height=\"35\" data-height-mobile=\"35\" data-height-tab=\"35\" data-height-tab-portrait=\"35\" data-height-mobile-landscape=\"35\" style=\"clear:both;display:block;\"><\/div>[vc_column_text css=&#8220;&#8220; el_class=&#8220;alberta&#8220;]<\/p>\n<p style=\"text-align: center;\"><span style=\"font-family: alberta-signature; font-size: 48px; color: #ffffff;\">Selbstbestimmt und erf\u00fcllt ins Ausland<\/span><\/p>\n<p>[\/vc_column_text]<div id=\"ultimate-heading-85569f706dcabbc9\" class=\"uvc-heading ult-adjust-bottom-margin ultimate-heading-85569f706dcabbc9 uvc-8383  uvc-heading-default-font-sizes\" data-hspacer=\"no_spacer\"  data-halign=\"center\" style=\"text-align:center\"><div class=\"uvc-heading-spacer no_spacer\" style=\"top\"><\/div><div class=\"uvc-main-heading ult-responsive\"  data-ultimate-target='.uvc-heading.ultimate-heading-85569f706dcabbc9 p'  data-responsive-json-new='{\"font-size\":\"\",\"line-height\":\"\"}' ><p style=\"font-weight:bold;color:#ffffff;\">Buche deine kostenlose Info-Session f\u00fcr ein selbstbestimmtes und erf\u00fclltes Leben im Ausland<\/p><\/div><\/div><div class=\"ult-spacer spacer-69f706dcabc24\" data-id=\"69f706dcabc24\" data-height=\"40\" data-height-mobile=\"20\" data-height-tab=\"30\" data-height-tab-portrait=\"30\" data-height-mobile-landscape=\"20\" style=\"clear:both;display:block;\"><\/div><style type=\"text\/css\" data-type=\"the7_shortcodes-inline-css\">#default-btn-c35dcf12988ef08230f5537d3e15dde5.ico-right-side > i {\n  margin-right: 0px;\n  margin-left: 8px;\n}\n#default-btn-c35dcf12988ef08230f5537d3e15dde5 > i {\n  margin-right: 8px;\n}<\/style><div class=\"btn-align-center\"><a href=\"https:\/\/victoriamertens.com\/de\/expatcoaching-fuer-frauen\/\" class=\"default-btn-shortcode dt-btn dt-btn-m link-hover-off \" target=\"_blank\" id=\"default-btn-c35dcf12988ef08230f5537d3e15dde5\" title=\"Expatcoaching f\u00fcr Frauen \u2013 Im Ausland deine St\u00e4rke finden\" rel=\"noopener\"><span>Zum Expatcoaching f\u00fcr Frauen<\/span><\/a><\/div><div class=\"ult-spacer spacer-69f706dcabd5c\" data-id=\"69f706dcabd5c\" data-height=\"40\" data-height-mobile=\"20\" data-height-tab=\"30\" data-height-tab-portrait=\"30\" data-height-mobile-landscape=\"20\" style=\"clear:both;display:block;\"><\/div>[vc_column_text css=&#8220;&#8220;]<\/p>\n<iframe src=\"https:\/\/victoriamertens.com\/de\/wp-json\/ssa\/v1\/embed-inner?integration&type=kostenlose-info-session-expatcoaching-fuer-frauen&label&types=2&edit&view&payment_provider&ssa_locale=de_DE&ssa_is_rtl&sid=ef115dfa174502ec3949d7d57597727fe5acdc3d&availability_start_date&availability_end_date&suggest_first_available&suggest_first_available_within_minutes&flow&fallback_flow&time_view&date_view&appointment_types_view&version&accent_color&background&padding&font&booking_url=https%3A%2F%2Fvictoriamertens.com%2Fde%2Fkostenlose-info-session%2F&booking_post_id=54757&booking_title=Buche+deine+kostenlose+Info-Session+f%C3%BCr+ein+selbstbestimmtes+und+erf%C3%BClltes+Leben+im+Ausland&_wpnonce=b97fd43623&redirect_post_id&defer&mepr_membership_id#\/\" height=\"400px\" width=\"100%\" name=\"ssa_booking\" loading=\"eager\" frameborder=\"0\" data-skip-lazy=\"1\" class=\"ssa_booking_iframe skip-lazy\" title=\"Buche eine Uhrzeit\"><\/iframe>\n<p>[\/vc_column_text]<div class=\"ult-spacer spacer-69f706dcad1dc\" data-id=\"69f706dcad1dc\" data-height=\"60\" data-height-mobile=\"40\" data-height-tab=\"50\" data-height-tab-portrait=\"40\" data-height-mobile-landscape=\"40\" style=\"clear:both;display:block;\"><\/div>[\/vc_column][\/vc_row]<\/p>\n<\/div>","protected":false},"excerpt":{"rendered":"<p>[vc_row full_height=&#8220;yes&#8220; bg_type=&#8220;image&#8220; parallax_style=&#8220;vcpb-default&#8220; bg_image_new=&#8220;id^53540|url^https:\/\/victoriamertens.com\/wp-content\/uploads\/2024\/03\/1-expatcoaching-women-1920.jpg|caption^null|alt^null|title^1-expatcoaching-women-1920|description^null&#8220; bg_img_attach=&#8220;fixed&#8220; bg_override=&#8220;full&#8220; enable_overlay=&#8220;enable_overlay_value&#8220; overlay_color=&#8220;#000000&#8243;][vc_column width=&#8220;5\/6&#8243; offset=&#8220;vc_col-sm-offset-1&#8243;][vc_column_text css=&#8220;&#8220; el_class=&#8220;alberta&#8220;] Selbstbestimmt und erf\u00fcllt ins Ausland [\/vc_column_text][vc_column_text css=&#8220;&#8220;] [\/vc_column_text][\/vc_column][\/vc_row]<\/p>\n","protected":false},"author":1,"featured_media":0,"parent":0,"menu_order":30,"comment_status":"closed","ping_status":"closed","template":"template-microsite.php","meta":{"footnotes":""},"class_list":["post-54757","page","type-page","status-publish","hentry","description-off"],"yoast_head":"<!-- This site is optimized with the Yoast SEO plugin v27.4 - https:\/\/yoast.com\/product\/yoast-seo-wordpress\/ -->\n<title>Buche deine kostenlose Info-Session f\u00fcr ein selbstbestimmtes und erf\u00fclltes Leben im Ausland<\/title>\n<meta name=\"description\" content=\"Buche deine kostenlose Info- Session mit Victoria Mertens und starte dein erf\u00fclltes Leben im Ausland.\" \/>\n<meta name=\"robots\" content=\"index, follow, max-snippet:-1, max-image-preview:large, max-video-preview:-1\" \/>\n<link rel=\"canonical\" href=\"https:\/\/victoriamertens.com\/de\/kostenlose-info-session\/\" \/>\n<meta property=\"og:locale\" content=\"de_DE\" \/>\n<meta property=\"og:type\" content=\"article\" \/>\n<meta property=\"og:title\" content=\"Buche deine kostenlose Info-Session f\u00fcr ein selbstbestimmtes und erf\u00fclltes Leben im Ausland\" \/>\n<meta property=\"og:description\" content=\"Buche deine kostenlose Info- Session mit Victoria Mertens und starte dein erf\u00fclltes Leben im Ausland.\" \/>\n<meta property=\"og:url\" content=\"https:\/\/victoriamertens.com\/de\/kostenlose-info-session\/\" \/>\n<meta property=\"og:site_name\" content=\"Family Goes For Career - Expatcoaching For Women\" \/>\n<meta property=\"article:publisher\" content=\"https:\/\/www.facebook.com\/familygoesforcareer\" \/>\n<meta property=\"article:modified_time\" content=\"2024-11-01T12:15:30+00:00\" \/>\n<meta name=\"twitter:card\" content=\"summary_large_image\" \/>\n<meta name=\"twitter:label1\" content=\"Gesch\u00e4tzte Lesezeit\" \/>\n\t<meta name=\"twitter:data1\" content=\"1\u00a0Minute\" \/>\n<script type=\"application\/ld+json\" class=\"yoast-schema-graph\">{\"@context\":\"https:\\\/\\\/schema.org\",\"@graph\":[{\"@type\":\"WebPage\",\"@id\":\"https:\\\/\\\/victoriamertens.com\\\/de\\\/kostenlose-info-session\\\/\",\"url\":\"https:\\\/\\\/victoriamertens.com\\\/de\\\/kostenlose-info-session\\\/\",\"name\":\"Buche deine kostenlose Info-Session f\u00fcr ein selbstbestimmtes und erf\u00fclltes Leben im Ausland\",\"isPartOf\":{\"@id\":\"https:\\\/\\\/victoriamertens.com\\\/de\\\/#website\"},\"datePublished\":\"2024-04-04T12:20:03+00:00\",\"dateModified\":\"2024-11-01T12:15:30+00:00\",\"description\":\"Buche deine kostenlose Info- Session mit Victoria Mertens und starte dein erf\u00fclltes Leben im Ausland.\",\"breadcrumb\":{\"@id\":\"https:\\\/\\\/victoriamertens.com\\\/de\\\/kostenlose-info-session\\\/#breadcrumb\"},\"inLanguage\":\"de\",\"potentialAction\":[{\"@type\":\"ReadAction\",\"target\":[\"https:\\\/\\\/victoriamertens.com\\\/de\\\/kostenlose-info-session\\\/\"]}]},{\"@type\":\"BreadcrumbList\",\"@id\":\"https:\\\/\\\/victoriamertens.com\\\/de\\\/kostenlose-info-session\\\/#breadcrumb\",\"itemListElement\":[{\"@type\":\"ListItem\",\"position\":1,\"name\":\"Startseite\",\"item\":\"https:\\\/\\\/victoriamertens.com\\\/de\\\/\"},{\"@type\":\"ListItem\",\"position\":2,\"name\":\"Buche deine kostenlose Info-Session f\u00fcr ein selbstbestimmtes und erf\u00fclltes Leben im Ausland\"}]},{\"@type\":\"WebSite\",\"@id\":\"https:\\\/\\\/victoriamertens.com\\\/de\\\/#website\",\"url\":\"https:\\\/\\\/victoriamertens.com\\\/de\\\/\",\"name\":\"Family Goes For Career - Expatcoaching For Women\",\"description\":\"Finding Your Purpose Abroad\",\"alternateName\":\"Family Goes For Career - Coaching for expat women seeking for their own path abroad\",\"potentialAction\":[{\"@type\":\"SearchAction\",\"target\":{\"@type\":\"EntryPoint\",\"urlTemplate\":\"https:\\\/\\\/victoriamertens.com\\\/de\\\/?s={search_term_string}\"},\"query-input\":{\"@type\":\"PropertyValueSpecification\",\"valueRequired\":true,\"valueName\":\"search_term_string\"}}],\"inLanguage\":\"de\"}]}<\/script>\n<!-- \/ Yoast SEO plugin. -->","yoast_head_json":{"title":"Buche deine kostenlose Info-Session f\u00fcr ein selbstbestimmtes und erf\u00fclltes Leben im Ausland","description":"Buche deine kostenlose Info- Session mit Victoria Mertens und starte dein erf\u00fclltes Leben im Ausland.","robots":{"index":"index","follow":"follow","max-snippet":"max-snippet:-1","max-image-preview":"max-image-preview:large","max-video-preview":"max-video-preview:-1"},"canonical":"https:\/\/victoriamertens.com\/de\/kostenlose-info-session\/","og_locale":"de_DE","og_type":"article","og_title":"Buche deine kostenlose Info-Session f\u00fcr ein selbstbestimmtes und erf\u00fclltes Leben im Ausland","og_description":"Buche deine kostenlose Info- Session mit Victoria Mertens und starte dein erf\u00fclltes Leben im Ausland.","og_url":"https:\/\/victoriamertens.com\/de\/kostenlose-info-session\/","og_site_name":"Family Goes For Career - Expatcoaching For Women","article_publisher":"https:\/\/www.facebook.com\/familygoesforcareer","article_modified_time":"2024-11-01T12:15:30+00:00","twitter_card":"summary_large_image","twitter_misc":{"Gesch\u00e4tzte Lesezeit":"1\u00a0Minute"},"schema":{"@context":"https:\/\/schema.org","@graph":[{"@type":"WebPage","@id":"https:\/\/victoriamertens.com\/de\/kostenlose-info-session\/","url":"https:\/\/victoriamertens.com\/de\/kostenlose-info-session\/","name":"Buche deine kostenlose Info-Session f\u00fcr ein selbstbestimmtes und erf\u00fclltes Leben im Ausland","isPartOf":{"@id":"https:\/\/victoriamertens.com\/de\/#website"},"datePublished":"2024-04-04T12:20:03+00:00","dateModified":"2024-11-01T12:15:30+00:00","description":"Buche deine kostenlose Info- Session mit Victoria Mertens und starte dein erf\u00fclltes Leben im Ausland.","breadcrumb":{"@id":"https:\/\/victoriamertens.com\/de\/kostenlose-info-session\/#breadcrumb"},"inLanguage":"de","potentialAction":[{"@type":"ReadAction","target":["https:\/\/victoriamertens.com\/de\/kostenlose-info-session\/"]}]},{"@type":"BreadcrumbList","@id":"https:\/\/victoriamertens.com\/de\/kostenlose-info-session\/#breadcrumb","itemListElement":[{"@type":"ListItem","position":1,"name":"Startseite","item":"https:\/\/victoriamertens.com\/de\/"},{"@type":"ListItem","position":2,"name":"Buche deine kostenlose Info-Session f\u00fcr ein selbstbestimmtes und erf\u00fclltes Leben im Ausland"}]},{"@type":"WebSite","@id":"https:\/\/victoriamertens.com\/de\/#website","url":"https:\/\/victoriamertens.com\/de\/","name":"Family Goes For Career - Expatcoaching For Women","description":"Finding Your Purpose Abroad","alternateName":"Family Goes For Career - Coaching for expat women seeking for their own path abroad","potentialAction":[{"@type":"SearchAction","target":{"@type":"EntryPoint","urlTemplate":"https:\/\/victoriamertens.com\/de\/?s={search_term_string}"},"query-input":{"@type":"PropertyValueSpecification","valueRequired":true,"valueName":"search_term_string"}}],"inLanguage":"de"}]}},"_links":{"self":[{"href":"https:\/\/victoriamertens.com\/de\/wp-json\/wp\/v2\/pages\/54757","targetHints":{"allow":["GET"]}}],"collection":[{"href":"https:\/\/victoriamertens.com\/de\/wp-json\/wp\/v2\/pages"}],"about":[{"href":"https:\/\/victoriamertens.com\/de\/wp-json\/wp\/v2\/types\/page"}],"author":[{"embeddable":true,"href":"https:\/\/victoriamertens.com\/de\/wp-json\/wp\/v2\/users\/1"}],"replies":[{"embeddable":true,"href":"https:\/\/victoriamertens.com\/de\/wp-json\/wp\/v2\/comments?post=54757"}],"version-history":[{"count":5,"href":"https:\/\/victoriamertens.com\/de\/wp-json\/wp\/v2\/pages\/54757\/revisions"}],"predecessor-version":[{"id":54824,"href":"https:\/\/victoriamertens.com\/de\/wp-json\/wp\/v2\/pages\/54757\/revisions\/54824"}],"wp:attachment":[{"href":"https:\/\/victoriamertens.com\/de\/wp-json\/wp\/v2\/media?parent=54757"}],"curies":[{"name":"wp","href":"https:\/\/api.w.org\/{rel}","templated":true}]}}